{"id":32,"date":"2023-08-08T10:04:00","date_gmt":"2023-08-08T10:04:00","guid":{"rendered":"https:\/\/xn--frdervereinkita-kisdorf-7kc.de\/?page_id=32"},"modified":"2026-01-22T20:38:22","modified_gmt":"2026-01-22T20:38:22","slug":"regeln-des-kleiderflohmarktes","status":"publish","type":"page","link":"https:\/\/xn--frdervereinkita-kisdorf-7kc.de\/index.php\/regeln-des-kleiderflohmarktes\/","title":{"rendered":"Regeln des Kinderkleidermarktes"},"content":{"rendered":"\n<p>Abgegeben werden k\u00f6nnen:<\/p>\n\n\n\n<ul class=\"wp-block-list\">\n<li>zwei W\u00e4schek\u00f6rbe oder zwei IKEA-Samla Boxen (Maximalma\u00dfe: 43 cm hoch; 40 cm tief; 56 breit \u2013 Bef\u00fcllung maximal bis zum Rand)<\/li>\n\n\n\n<li>Weitere Regeln:\n<ul class=\"wp-block-list\">\n<li><a href=\"https:\/\/xn--frdervereinkita-kisdorf-7kc.de\/index.php\/kleiderflohmarkt-fruehjahr-sommer\/\" data-type=\"page\" data-id=\"28\">Kleiderflohmarkt Fr\u00fchjahr\/Sommer<\/a><\/li>\n\n\n\n<li><a href=\"https:\/\/xn--frdervereinkita-kisdorf-7kc.de\/index.php\/kleiderflohmarkt-herbst-winter\/\" data-type=\"page\" data-id=\"22\">Kleiderflohmarkt Herbst\/Winter<\/a><\/li>\n\n\n\n<li><a href=\"https:\/\/xn--frdervereinkita-kisdorf-7kc.de\/index.php\/folgende-artikel-duerfen-nicht-verkauft-werden\/\" data-type=\"page\" data-id=\"30\">Was ist nicht erlaubt!<\/a><br><\/li>\n<\/ul>\n<\/li>\n<\/ul>\n\n\n\n<p>An allen Artikeln muss ein Etikett in angemessener Gr\u00f6\u00dfe angebunden werden, gut lesbar beschriftet mit Verk\u00e4ufernummer, Preis und Gr\u00f6\u00dfe. Bitte keine spitzen Nadeln zum Befestigen der Etiketten benutzen! Die W\u00e4schek\u00f6rbe\/Samla Box gut sichtbar mit der Verk\u00e4ufernummer beschriften.<br>Wir behalten uns vor, Sachen, die nicht in W\u00e4schek\u00f6rben\/Samla Boxen sondern in Kartons oder Taschen kommen bzw. nicht der Maximalbef\u00fcllung entsprechen nicht anzunehmen!<br>Bitte achten Sie darauf, dass die Artikel sauber, heil und in einem verkaufsf\u00e4higen Zustand sind. Ansonsten behalten wir uns vor, Artikel auszusortieren. Bieten Sie bitte nur Jahreszeiten gem\u00e4\u00dfe Ware an. Keine B\u00fcgel mitgeben! Spiele und Puzzle bitte vor Verkauf auf Vollst\u00e4ndigkeit \u00fcberpr\u00fcfen.<\/p>\n\n\n\n<p>Wir behalten 20 % vom Verkaufserl\u00f6s ein. Dieser Erl\u00f6s kommt zu 100 % unserem Kindergarten zugute.<br>F\u00fcr besch\u00e4digte oder abhanden gekommene Sachen \u00fcbernehmen wir keine Haftung.<br>Sollten Sie wider Erwarten Ihre Nummer nicht in Anspruch nehmen k\u00f6nnen, freuen wir uns auch \u00fcber eine kurzfristige Absage, damit wir die Nummer anderweitig vergeben k\u00f6nnen!<br>Weitere Fragen beantworten wir auch gern telefonisch:<br>Tuija Bajorat (0172-7558777)<br>F\u00f6rderverein Kindergarten Kisdorf e.V.<br><br>Alternativ als E-Mail an: Foerdervereinkita-Kisdorf@web.de<\/p>\n\n\n\n<p><\/p>\n","protected":false},"excerpt":{"rendered":"<p>Abgegeben werden k\u00f6nnen: An allen Artikeln muss ein Etikett in angemessener Gr\u00f6\u00dfe angebunden werden, gut lesbar beschriftet mit Verk\u00e4ufernummer, Preis und Gr\u00f6\u00dfe. Bitte keine spitzen Nadeln zum Befestigen der Etiketten benutzen! Die W\u00e4schek\u00f6rbe\/Samla Box gut sichtbar mit der Verk\u00e4ufernummer beschriften.Wir behalten uns vor, Sachen, die nicht in W\u00e4schek\u00f6rben\/Samla Boxen sondern in Kartons oder Taschen kommen [&hellip;]<\/p>\n","protected":false},"author":1,"featured_media":0,"parent":0,"menu_order":0,"comment_status":"closed","ping_status":"closed","template":"","meta":{"footnotes":""},"class_list":["post-32","page","type-page","status-publish","hentry"],"yoast_head":"<!-- This site is optimized with the Yoast SEO plugin v27.3 - https:\/\/yoast.com\/product\/yoast-seo-wordpress\/ -->\n<title>Regeln Flohmarkt<\/title>\n<meta name=\"robots\" content=\"index, follow, max-snippet:-1, max-image-preview:large, max-video-preview:-1\" \/>\n<link rel=\"canonical\" href=\"https:\/\/xn--frdervereinkita-kisdorf-7kc.de\/index.php\/regeln-des-kleiderflohmarktes\/\" \/>\n<meta property=\"og:locale\" content=\"de_DE\" \/>\n<meta property=\"og:type\" content=\"article\" \/>\n<meta property=\"og:title\" content=\"Regeln Flohmarkt\" \/>\n<meta property=\"og:description\" content=\"Abgegeben werden k\u00f6nnen: An allen Artikeln muss ein Etikett in angemessener Gr\u00f6\u00dfe angebunden werden, gut lesbar beschriftet mit Verk\u00e4ufernummer, Preis und Gr\u00f6\u00dfe. Bitte keine spitzen Nadeln zum Befestigen der Etiketten benutzen! Die W\u00e4schek\u00f6rbe\/Samla Box gut sichtbar mit der Verk\u00e4ufernummer beschriften.Wir behalten uns vor, Sachen, die nicht in W\u00e4schek\u00f6rben\/Samla Boxen sondern in Kartons oder Taschen kommen [&hellip;]\" \/>\n<meta property=\"og:url\" content=\"https:\/\/xn--frdervereinkita-kisdorf-7kc.de\/index.php\/regeln-des-kleiderflohmarktes\/\" \/>\n<meta property=\"og:site_name\" content=\"F\u00f6rderverein Kindergarten Kisdorf e.V.\" \/>\n<meta property=\"article:publisher\" content=\"https:\/\/www.facebook.com\/forderverein.kisdorf.7\" \/>\n<meta property=\"article:modified_time\" content=\"2026-01-22T20:38:22+00:00\" \/>\n<meta property=\"og:image\" content=\"https:\/\/xn--frdervereinkita-kisdorf-7kc.de\/wp-content\/uploads\/2023\/08\/cropped-logo.jpg\" \/>\n\t<meta property=\"og:image:width\" content=\"1200\" \/>\n\t<meta property=\"og:image:height\" content=\"642\" \/>\n\t<meta property=\"og:image:type\" content=\"image\/jpeg\" \/>\n<meta name=\"twitter:card\" content=\"summary_large_image\" \/>\n<meta name=\"twitter:label1\" content=\"Gesch\u00e4tzte Lesezeit\" \/>\n\t<meta name=\"twitter:data1\" content=\"2\u00a0Minuten\" \/>\n<script type=\"application\/ld+json\" class=\"yoast-schema-graph\">{\"@context\":\"https:\\\/\\\/schema.org\",\"@graph\":[{\"@type\":\"WebPage\",\"@id\":\"https:\\\/\\\/xn--frdervereinkita-kisdorf-7kc.de\\\/index.php\\\/regeln-des-kleiderflohmarktes\\\/\",\"url\":\"https:\\\/\\\/xn--frdervereinkita-kisdorf-7kc.de\\\/index.php\\\/regeln-des-kleiderflohmarktes\\\/\",\"name\":\"Regeln Flohmarkt\",\"isPartOf\":{\"@id\":\"https:\\\/\\\/xn--frdervereinkita-kisdorf-7kc.de\\\/#website\"},\"datePublished\":\"2023-08-08T10:04:00+00:00\",\"dateModified\":\"2026-01-22T20:38:22+00:00\",\"breadcrumb\":{\"@id\":\"https:\\\/\\\/xn--frdervereinkita-kisdorf-7kc.de\\\/index.php\\\/regeln-des-kleiderflohmarktes\\\/#breadcrumb\"},\"inLanguage\":\"de\",\"potentialAction\":[{\"@type\":\"ReadAction\",\"target\":[\"https:\\\/\\\/xn--frdervereinkita-kisdorf-7kc.de\\\/index.php\\\/regeln-des-kleiderflohmarktes\\\/\"]}]},{\"@type\":\"BreadcrumbList\",\"@id\":\"https:\\\/\\\/xn--frdervereinkita-kisdorf-7kc.de\\\/index.php\\\/regeln-des-kleiderflohmarktes\\\/#breadcrumb\",\"itemListElement\":[{\"@type\":\"ListItem\",\"position\":1,\"name\":\"Startseite\",\"item\":\"https:\\\/\\\/xn--frdervereinkita-kisdorf-7kc.de\\\/\"},{\"@type\":\"ListItem\",\"position\":2,\"name\":\"Regeln des Kinderkleidermarktes\"}]},{\"@type\":\"WebSite\",\"@id\":\"https:\\\/\\\/xn--frdervereinkita-kisdorf-7kc.de\\\/#website\",\"url\":\"https:\\\/\\\/xn--frdervereinkita-kisdorf-7kc.de\\\/\",\"name\":\"F\u00f6rderverein Kindergarten Kisdorf e.V.\",\"description\":\"\",\"publisher\":{\"@id\":\"https:\\\/\\\/xn--frdervereinkita-kisdorf-7kc.de\\\/#organization\"},\"alternateName\":\"Foerderverein Kindergarten Kisdorf e.V.\",\"potentialAction\":[{\"@type\":\"SearchAction\",\"target\":{\"@type\":\"EntryPoint\",\"urlTemplate\":\"https:\\\/\\\/xn--frdervereinkita-kisdorf-7kc.de\\\/?s={search_term_string}\"},\"query-input\":{\"@type\":\"PropertyValueSpecification\",\"valueRequired\":true,\"valueName\":\"search_term_string\"}}],\"inLanguage\":\"de\"},{\"@type\":\"Organization\",\"@id\":\"https:\\\/\\\/xn--frdervereinkita-kisdorf-7kc.de\\\/#organization\",\"name\":\"F\u00f6rderverein Kindergarten Kisdorf e.V.\",\"url\":\"https:\\\/\\\/xn--frdervereinkita-kisdorf-7kc.de\\\/\",\"logo\":{\"@type\":\"ImageObject\",\"inLanguage\":\"de\",\"@id\":\"https:\\\/\\\/xn--frdervereinkita-kisdorf-7kc.de\\\/#\\\/schema\\\/logo\\\/image\\\/\",\"url\":\"https:\\\/\\\/xn--frdervereinkita-kisdorf-7kc.de\\\/wp-content\\\/uploads\\\/2023\\\/08\\\/cropped-logo.jpg\",\"contentUrl\":\"https:\\\/\\\/xn--frdervereinkita-kisdorf-7kc.de\\\/wp-content\\\/uploads\\\/2023\\\/08\\\/cropped-logo.jpg\",\"width\":1200,\"height\":642,\"caption\":\"F\u00f6rderverein Kindergarten Kisdorf e.V.\"},\"image\":{\"@id\":\"https:\\\/\\\/xn--frdervereinkita-kisdorf-7kc.de\\\/#\\\/schema\\\/logo\\\/image\\\/\"},\"sameAs\":[\"https:\\\/\\\/www.facebook.com\\\/forderverein.kisdorf.7\"]}]}<\/script>\n<!-- \/ Yoast SEO plugin. -->","yoast_head_json":{"title":"Regeln Flohmarkt","robots":{"index":"index","follow":"follow","max-snippet":"max-snippet:-1","max-image-preview":"max-image-preview:large","max-video-preview":"max-video-preview:-1"},"canonical":"https:\/\/xn--frdervereinkita-kisdorf-7kc.de\/index.php\/regeln-des-kleiderflohmarktes\/","og_locale":"de_DE","og_type":"article","og_title":"Regeln Flohmarkt","og_description":"Abgegeben werden k\u00f6nnen: An allen Artikeln muss ein Etikett in angemessener Gr\u00f6\u00dfe angebunden werden, gut lesbar beschriftet mit Verk\u00e4ufernummer, Preis und Gr\u00f6\u00dfe. Bitte keine spitzen Nadeln zum Befestigen der Etiketten benutzen! Die W\u00e4schek\u00f6rbe\/Samla Box gut sichtbar mit der Verk\u00e4ufernummer beschriften.Wir behalten uns vor, Sachen, die nicht in W\u00e4schek\u00f6rben\/Samla Boxen sondern in Kartons oder Taschen kommen [&hellip;]","og_url":"https:\/\/xn--frdervereinkita-kisdorf-7kc.de\/index.php\/regeln-des-kleiderflohmarktes\/","og_site_name":"F\u00f6rderverein Kindergarten Kisdorf e.V.","article_publisher":"https:\/\/www.facebook.com\/forderverein.kisdorf.7","article_modified_time":"2026-01-22T20:38:22+00:00","og_image":[{"width":1200,"height":642,"url":"https:\/\/xn--frdervereinkita-kisdorf-7kc.de\/wp-content\/uploads\/2023\/08\/cropped-logo.jpg","type":"image\/jpeg"}],"twitter_card":"summary_large_image","twitter_misc":{"Gesch\u00e4tzte Lesezeit":"2\u00a0Minuten"},"schema":{"@context":"https:\/\/schema.org","@graph":[{"@type":"WebPage","@id":"https:\/\/xn--frdervereinkita-kisdorf-7kc.de\/index.php\/regeln-des-kleiderflohmarktes\/","url":"https:\/\/xn--frdervereinkita-kisdorf-7kc.de\/index.php\/regeln-des-kleiderflohmarktes\/","name":"Regeln Flohmarkt","isPartOf":{"@id":"https:\/\/xn--frdervereinkita-kisdorf-7kc.de\/#website"},"datePublished":"2023-08-08T10:04:00+00:00","dateModified":"2026-01-22T20:38:22+00:00","breadcrumb":{"@id":"https:\/\/xn--frdervereinkita-kisdorf-7kc.de\/index.php\/regeln-des-kleiderflohmarktes\/#breadcrumb"},"inLanguage":"de","potentialAction":[{"@type":"ReadAction","target":["https:\/\/xn--frdervereinkita-kisdorf-7kc.de\/index.php\/regeln-des-kleiderflohmarktes\/"]}]},{"@type":"BreadcrumbList","@id":"https:\/\/xn--frdervereinkita-kisdorf-7kc.de\/index.php\/regeln-des-kleiderflohmarktes\/#breadcrumb","itemListElement":[{"@type":"ListItem","position":1,"name":"Startseite","item":"https:\/\/xn--frdervereinkita-kisdorf-7kc.de\/"},{"@type":"ListItem","position":2,"name":"Regeln des Kinderkleidermarktes"}]},{"@type":"WebSite","@id":"https:\/\/xn--frdervereinkita-kisdorf-7kc.de\/#website","url":"https:\/\/xn--frdervereinkita-kisdorf-7kc.de\/","name":"F\u00f6rderverein Kindergarten Kisdorf e.V.","description":"","publisher":{"@id":"https:\/\/xn--frdervereinkita-kisdorf-7kc.de\/#organization"},"alternateName":"Foerderverein Kindergarten Kisdorf e.V.","potentialAction":[{"@type":"SearchAction","target":{"@type":"EntryPoint","urlTemplate":"https:\/\/xn--frdervereinkita-kisdorf-7kc.de\/?s={search_term_string}"},"query-input":{"@type":"PropertyValueSpecification","valueRequired":true,"valueName":"search_term_string"}}],"inLanguage":"de"},{"@type":"Organization","@id":"https:\/\/xn--frdervereinkita-kisdorf-7kc.de\/#organization","name":"F\u00f6rderverein Kindergarten Kisdorf e.V.","url":"https:\/\/xn--frdervereinkita-kisdorf-7kc.de\/","logo":{"@type":"ImageObject","inLanguage":"de","@id":"https:\/\/xn--frdervereinkita-kisdorf-7kc.de\/#\/schema\/logo\/image\/","url":"https:\/\/xn--frdervereinkita-kisdorf-7kc.de\/wp-content\/uploads\/2023\/08\/cropped-logo.jpg","contentUrl":"https:\/\/xn--frdervereinkita-kisdorf-7kc.de\/wp-content\/uploads\/2023\/08\/cropped-logo.jpg","width":1200,"height":642,"caption":"F\u00f6rderverein Kindergarten Kisdorf e.V."},"image":{"@id":"https:\/\/xn--frdervereinkita-kisdorf-7kc.de\/#\/schema\/logo\/image\/"},"sameAs":["https:\/\/www.facebook.com\/forderverein.kisdorf.7"]}]}},"_links":{"self":[{"href":"https:\/\/xn--frdervereinkita-kisdorf-7kc.de\/index.php\/wp-json\/wp\/v2\/pages\/32","targetHints":{"allow":["GET"]}}],"collection":[{"href":"https:\/\/xn--frdervereinkita-kisdorf-7kc.de\/index.php\/wp-json\/wp\/v2\/pages"}],"about":[{"href":"https:\/\/xn--frdervereinkita-kisdorf-7kc.de\/index.php\/wp-json\/wp\/v2\/types\/page"}],"author":[{"embeddable":true,"href":"https:\/\/xn--frdervereinkita-kisdorf-7kc.de\/index.php\/wp-json\/wp\/v2\/users\/1"}],"replies":[{"embeddable":true,"href":"https:\/\/xn--frdervereinkita-kisdorf-7kc.de\/index.php\/wp-json\/wp\/v2\/comments?post=32"}],"version-history":[{"count":3,"href":"https:\/\/xn--frdervereinkita-kisdorf-7kc.de\/index.php\/wp-json\/wp\/v2\/pages\/32\/revisions"}],"predecessor-version":[{"id":77,"href":"https:\/\/xn--frdervereinkita-kisdorf-7kc.de\/index.php\/wp-json\/wp\/v2\/pages\/32\/revisions\/77"}],"wp:attachment":[{"href":"https:\/\/xn--frdervereinkita-kisdorf-7kc.de\/index.php\/wp-json\/wp\/v2\/media?parent=32"}],"curies":[{"name":"wp","href":"https:\/\/api.w.org\/{rel}","templated":true}]}}